{"id":15578,"date":"2021-05-04T16:57:12","date_gmt":"2021-05-04T15:57:12","guid":{"rendered":"https:\/\/ifesworld.org\/?page_id=15578"},"modified":"2024-03-14T16:15:56","modified_gmt":"2024-03-14T16:15:56","slug":"la-estrategia-de-ifes","status":"publish","type":"page","link":"https:\/\/fru2.ifesworld.org\/es\/la-estrategia-de-ifes\/","title":{"rendered":"CRECIENDO JUNTOS"},"content":{"rendered":"<div class=\"wp-block block-core-quote is-style-plain\">\n<blockquote class=\"wp-block-quote is-style-plain is-layout-flow wp-block-quote-is-layout-flow\"><div class=\"wp-block block-core-paragraph\">\n<p>Una de las im\u00e1genes m\u00e1s bellas de la Biblia es el \u00e1rbol que encontramos en el primer salmo, dando fruto temporada tras temporada y que tiene hojas que no se marchitan. Este \u00e1rbol crece porque est\u00e1 plantado en un buen lugar y sus ra\u00edces se alimentan de los r\u00edos de agua viva.&nbsp;&nbsp;<\/p>\n<\/div>\n\n<div class=\"wp-block block-core-paragraph\">\n<p>Al igual que el \u00e1rbol del que habla el Salmo 1, IFES tiene sus ra\u00edces en la palabra de Dios. Nuestra esperanza para la d\u00e9cada de 2020 es que, a medida que seguimos nutri\u00e9ndonos de estas ra\u00edces que dan vida, Dios nos ayudar\u00e1 a crecer juntos como comunidad global.<\/p>\n<\/div><cite><em>Tim Adams, Secretario General de IFES&nbsp;<\/em><\/cite><\/blockquote>\n<\/div>\n\n<div class=\"wp-block block-core-group alignfull\">\n<div class=\"wp-block-group alignfull has-white-dark-background-color has-background\"><div class=\"wp-block-group__inner-container is-layout-flow wp-block-group-is-layout-flow\"><div class=\"wp-block block-core-paragraph\">\n<p class=\"has-md-font-size\">La estrategia Creciendo juntos surgi\u00f3 despu\u00e9s de m\u00e1s de dos a\u00f1os escuchando \u2013 a los estudiantes, obreros, consejeros teol\u00f3gicos, estudiantes de doctorado, profesorado, y otras personas que nos apoyan y colaboradores durante dos a\u00f1os. Sobre todo, hemos escuchado la voz de Dios para guiarnos.&nbsp;<\/p>\n<\/div>\n\n<div class=\"wp-block block-acf-ifesbutton\">\n<div class=\"\">\n    <a id=\"btn-block_49a6e628b5961b8b8e69887bce07fccc\" target=\"\" href=\"#prioridades\" class=\"btn btn--cta-link\">\n        <span>\n                    <span class=\"icon\"><svg class=\"icon\"><use xlink:href=\"#chevron-circle-right-solid\"\/><\/svg><\/span>\n        Lee las Prioridades        <\/span>\n    <\/a>\n<\/div>\n\n<\/div>\n\n<div class=\"wp-block block-acf-ifesbutton\">\n<div class=\"\">\n    <a id=\"btn-block_9295a3b21671f23c999e0c727ba87266\" target=\"\" href=\"https:\/\/ifesworld.org\/wp-content\/uploads\/2022\/03\/Creciendo-Juntos.pdf\" class=\"btn btn--cta-link\">\n        <span>\n                    <span class=\"icon\"><svg class=\"icon\"><use xlink:href=\"#chevron-circle-right-solid\"\/><\/svg><\/span>\n        Lee Creciendo juntos        <\/span>\n    <\/a>\n<\/div>\n\n<\/div>\n\n<div class=\"wp-block block-core-paragraph\">\n<p>Nuestra oraci\u00f3n es que el tema \u00abCreciendo juntos\u00bb nos una (como movimientos nacionales, personal de IFES y donantes) mientras trabajamos con una visi\u00f3n com\u00fan en contextos ministeriales diversos y que cambian r\u00e1pidamente. Las prioridades y objetivos son una invitaci\u00f3n a vivir como comunidad y a colaborar a medida que trabajamos juntos.&nbsp;&nbsp;<\/p>\n<\/div>\n\n<div class=\"wp-block block-core-paragraph\">\n<p>Confiamos en que nuestros movimientos nacionales podr\u00e1n ver una conexi\u00f3n entre sus propios planes y el trabajo de la red m\u00e1s amplia a la que pertenecen. Para el personal de IFES, este documento es el fundamento de nuestros planes e informa acerca de las iniciativas, capacitaci\u00f3n y apoyo que ofrecemos.&nbsp;<\/p>\n<\/div>\n\n<div class=\"wp-block block-core-paragraph\">\n<p>Por favor, ora por IFES seg\u00fan nos adentramos en este nuevo cap\u00edtulo, juntos.&nbsp;&nbsp;<\/p>\n<\/div><\/div>\n<\/div><\/div>\n\n<div class=\"wp-block block-core-group\">\n<div class=\"wp-block-group\"><div class=\"wp-block-group__inner-container is-layout-flow wp-block-group-is-layout-flow\"><div class=\"wp-block block-core-heading\">\n<h1 class=\"wp-block-heading\" id=\"creciendo-juntos-tres-factores-fundamentales-para-el-exito\">CRECIENDO JUNTOS: TRES FACTORES FUNDAMENTALES PARA EL \u00c9XITO&nbsp;<\/h1>\n<\/div>\n\n<div class=\"wp-block block-core-columns\">\n<div class=\"wp-block-columns is-layout-flex wp-container-core-columns-is-layout-1 wp-block-columns-is-layout-flex\">\n<div class=\"wp-block-column is-layout-flow wp-block-column-is-layout-flow\"><div class=\"wp-block block-core-heading\">\n<h2 class=\"wp-block-heading\" id=\"colaboracion\">Colaboraci\u00f3n &nbsp;<\/h2>\n<\/div>\n\n<div class=\"wp-block block-core-paragraph\">\n<p>Fortaleceremos las conexiones locales, regionales y globales para fomentar el aprendizaje y el \u00e1nimo mutuos a lo largo y ancho de la red de IFES y con colaboradores (donantes, universidades y organizaciones con ideas afines). Intercambiaremos ideas, recursos y experiencias para ayudarnos a llevar a cabo nuestro llamado.&nbsp;&nbsp;<\/p>\n<\/div><\/div>\n\n\n\n<div class=\"wp-block-column is-layout-flow wp-block-column-is-layout-flow\"><div class=\"wp-block block-core-heading\">\n<h2 class=\"wp-block-heading\" id=\"nuevas-formas\">Nuevas formas&nbsp;<\/h2>\n<\/div>\n\n<div class=\"wp-block block-core-paragraph\">\n<p>&nbsp;Buscaremos nuevas formas de crecer y nuevos espacios en los que crecer. Dejaremos espacio para probar nuevas ideas y mostrar creatividad en nuestro ministerio y pr\u00e1cticas organizacionales.&nbsp;<\/p>\n<\/div><\/div>\n\n\n\n<div class=\"wp-block-column is-layout-flow wp-block-column-is-layout-flow\"><div class=\"wp-block block-core-heading\">\n<h2 class=\"wp-block-heading\" id=\"impacto\">Impacto&nbsp;<\/h2>\n<\/div>\n\n<div class=\"wp-block block-core-paragraph\">\n<p>&nbsp;Somos part\u00edcipes de la obra del reino de Dios y buscamos causar un impacto en la profundidad de la transformaci\u00f3n en la vida de los estudiantes y graduados y en la amplitud de nuestro ministerio alcanzando a estudiantes.&nbsp;<\/p>\n<\/div><\/div>\n<\/div>\n<\/div>\n\n<div class=\"wp-block block-core-heading\">\n<h1 class=\"wp-block-heading\" id=\"creciendo-juntos-cuatro-prioridades-estrategicas\">CRECIENDO JUNTOS: CUATRO PRIORIDADES ESTRAT\u00c9GICAS&nbsp;<\/h1>\n<\/div>\n\n<div class=\"wp-block block-core-columns\">\n<div class=\"wp-block-columns is-layout-flex wp-container-core-columns-is-layout-2 wp-block-columns-is-layout-flex\" id=\"prioridades\">\n<div class=\"wp-block-column is-layout-flow wp-block-column-is-layout-flow\"><div class=\"wp-block block-core-heading\">\n<h2 class=\"wp-block-heading\" id=\"crecer-en-testimonio\">Crecer en testimonio&nbsp;<\/h2>\n<\/div>\n\n<div class=\"wp-block block-core-paragraph\">\n<p>&nbsp;Queremos ver: estudiantes siendo testigos de Jesucristo, proclamando el reino de Dios y mostrando la relevancia de Jes\u00fas en todas las \u00e1reas de la vida universitaria.&nbsp;<\/p>\n<\/div><\/div>\n\n\n\n<div class=\"wp-block-column is-layout-flow wp-block-column-is-layout-flow\"><div class=\"wp-block block-core-heading\">\n<h2 class=\"wp-block-heading\" id=\"crecer-en-compromiso-con-todas-las-esferas-de-la-vida\">Crecer en compromiso con todas las esferas de la vida&nbsp;<\/h2>\n<\/div>\n\n<div class=\"wp-block block-core-paragraph\">\n<p>&nbsp;Queremos ver: estudiantes creciendo como disc\u00edpulos de Jesucristo, dando fruto a medida que integran su fe en todas las \u00e1reas de la vida, aprendiendo a ser l\u00edderes en su comunidad y representando a Jes\u00fas en contextos dif\u00edciles.&nbsp;<\/p>\n<\/div><\/div>\n<\/div>\n<\/div>\n\n<div class=\"wp-block block-core-columns\">\n<div class=\"wp-block-columns is-layout-flex wp-container-core-columns-is-layout-3 wp-block-columns-is-layout-flex\">\n<div class=\"wp-block-column is-layout-flow wp-block-column-is-layout-flow\"><div class=\"wp-block block-core-heading\">\n<h2 class=\"wp-block-heading\" id=\"crecer-abriendo-nuevos-caminos\">Crecer abriendo nuevos caminos&nbsp;<\/h2>\n<\/div>\n\n<div class=\"wp-block block-core-paragraph\">\n<p>&nbsp;Queremos ver: grupos estudiantiles nuevos y din\u00e1micos en campus y en lugares en los que no hay grupos, y apoyo para revitalizar grupos y movimientos, trabajando en colaboraci\u00f3n con otros.&nbsp;<\/p>\n<\/div><\/div>\n\n\n\n<div class=\"wp-block-column is-layout-flow wp-block-column-is-layout-flow\"><div class=\"wp-block block-core-heading\">\n<h2 class=\"wp-block-heading\" id=\"crecer-hacia-el-futuro\">Crecer hacia el futuro &nbsp;<\/h2>\n<\/div>\n\n<div class=\"wp-block block-core-paragraph\">\n<p>&nbsp;Queremos ver: una red saludable de movimientos resilientes que muestren integridad y rendici\u00f3n de cuentas cristianas para que podamos continuar con nuestro llamado entre las pr\u00f3ximas generaciones de estudiantes.&nbsp;<\/p>\n<\/div><\/div>\n<\/div>\n<\/div>\n\n<div class=\"wp-block block-core-columns\">\n<div class=\"wp-block-columns is-layout-flex wp-container-core-columns-is-layout-4 wp-block-columns-is-layout-flex\">\n<div class=\"wp-block-column is-layout-flow wp-block-column-is-layout-flow\"><div class=\"wp-block block-acf-ifesbutton aligncenter\">\n<div class=\"aligncenter\">\n    <a id=\"btn-block_9f0af3c9c1eb94d44714195e87c00819\" target=\"\" href=\"https:\/\/ifesworld.org\/wp-content\/uploads\/2022\/03\/Creciendo-Juntos.pdf\" class=\"btn btn--primary\">\n        <span>\n        Lee la estrategia al completo         <\/span>\n    <\/a>\n<\/div>\n\n<\/div><\/div>\n\n\n\n<div class=\"wp-block-column is-layout-flow wp-block-column-is-layout-flow\"><div class=\"wp-block block-acf-ifesbutton aligncenter\">\n<div class=\"aligncenter\">\n    <a id=\"btn-block_9c94e720574dcd570a534a9a34cbcaa6\" target=\"_blank\" href=\"https:\/\/ifesworld.org\/es\/prayerline\/george-ogalo-director-de-operaciones-de-ifes-en-creciendo-juntos\/\" class=\"btn btn--primary\">\n        <span>\n        Ora con nosotros         <\/span>\n    <\/a>\n<\/div>\n\n<\/div><\/div>\n\n\n\n<div class=\"wp-block-column is-layout-flow wp-block-column-is-layout-flow\"><div class=\"wp-block block-acf-ifesbutton\">\n<div class=\"\">\n    <a id=\"btn-block_347114b1b4e8db9e45635b03326ff15c\" target=\"_blank\" href=\"https:\/\/ifesworld.org\/es\/subvenciones-de-creciendo-juntos\/\" class=\"btn btn--primary\">\n        <span>\n        descubre nuestros SUBVENCIONES DE CRECIENDO JUNTOS        <\/span>\n    <\/a>\n<\/div>\n\n<\/div><\/div>\n<\/div>\n<\/div><\/div>\n<\/div><\/div>\n\n<div class=\"wp-block block-core-group alignfull\">\n<div class=\"wp-block-group alignfull has-white-dark-background-color has-background\"><div class=\"wp-block-group__inner-container is-layout-flow wp-block-group-is-layout-flow\"><div class=\"wp-block block-core-heading\">\n<h2 class=\"wp-block-heading\" id=\"trasfondo-de-la-estrategia\">TRASFONDO DE LA ESTRATEGIA&nbsp;<\/h2>\n<\/div>\n\n<div class=\"wp-block block-core-paragraph\">\n<p>Despu\u00e9s de que la estrategia anterior, Piedras Vivas, llegara a una conclusi\u00f3n, durante la Asamblea Mundial 2019 llevamos a cabo talleres acerca de la estrategia y direcci\u00f3n de IFES. M\u00e1s tarde, un Grupo de trabajo estrat\u00e9gico se pas\u00f3 dos a\u00f1os recopilando informaci\u00f3n de estudiantes, obreros y donantes, para comprender el contexto y las necesidades de nuestro ministerio en el mundo.&nbsp;&nbsp;<\/p>\n<\/div>\n\n<div class=\"wp-block block-core-paragraph\">\n<p>El liderazgo s\u00e9nior de IFES invirti\u00f3 tiempo para considerar, debatir y orar acerca de estos temas, para desarrollar una visi\u00f3n que est\u00e9 arraigada en Cristo y en las Escrituras, con una pasi\u00f3n por nuestros campus.&nbsp;&nbsp;<\/p>\n<\/div>\n\n<div class=\"wp-block block-core-paragraph\">\n<p>Compartimos el borrador de la visi\u00f3n con el personal de IFES y los movimientos nacionales el verano de 2021 y, m\u00e1s tarde, recibimos sus aportaciones. La versi\u00f3n final de Creciendo juntos fue lanzada en febrero de 2022.&nbsp;&nbsp;<\/p>\n<\/div>\n\n<div class=\"wp-block block-core-paragraph\">\n<p>Los siguientes informes resumen los hallazgos de varios esfuerzos de investigaci\u00f3n y consulta que ha moldeado la nueva estrategia. Estos recursos son ricos y te ayudar\u00e1n a comprender tu propio ministerio local en un contexto global, por lo que te invitamos a leer y disfrutar.<strong>&nbsp;<\/strong>&nbsp;<\/p>\n<\/div>\n\n<div class=\"wp-block block-core-paragraph\">\n<p><a href=\"https:\/\/ifesworld.org\/wp-content\/uploads\/2021\/05\/Strategy-Overview-NM-Priorities.pdf\" target=\"_blank\" rel=\"noreferrer noopener\"><strong>Prioridades de los movimientos nacionales (EN)<\/strong><\/a> \u2013 Descubre qu\u00e9 prioridades identificaron los movimientos nacionales. Estas aportaciones se usaron para crear la nueva estrategia.&nbsp;&nbsp;<\/p>\n<\/div>\n\n<div class=\"wp-block block-core-paragraph\">\n<p><strong>An\u00e1lisis <\/strong><a href=\"https:\/\/ifesworld.org\/wp-content\/uploads\/2021\/05\/Strategy-Overview-SWOR.pdf\" target=\"_blank\" rel=\"noreferrer noopener\"><strong>SWOR (EN)&nbsp;<\/strong><\/a> \u2013 IFES ha desarrollado un an\u00e1lisis SWOR (Fortalezas, Debilidades, Oportunidades, Riesgos, por sus siglas en ingl\u00e9s) entre muchas partes interesadas dentro de nuestra organizaci\u00f3n. Lee un resumen de sus aportaciones usando este modelo de evaluaci\u00f3n.&nbsp;&nbsp;<\/p>\n<\/div>\n\n<div class=\"wp-block block-core-paragraph\">\n<p><a href=\"https:\/\/ifesworld.org\/wp-content\/uploads\/2021\/05\/4.2-Theological-advisors-External-Stakeholders-Report-V2.pdf\" target=\"_blank\" rel=\"noreferrer noopener\"><strong>Aportaciones de consejeros teol\u00f3gicos (EN)<\/strong><\/a>\u2013 Hemos hablado con distintos consejeros teol\u00f3gicos durante el proceso de creaci\u00f3n de la estrategia. Lee sus aportaciones aqu\u00ed.&nbsp;&nbsp;<\/p>\n<\/div>\n\n<div class=\"wp-block block-core-paragraph\">\n<p><strong><a href=\"https:\/\/ifesworld.org\/wp-content\/uploads\/2020\/08\/IFES-Global-Trends-Report_ES_Final.pdf\">Informe de Tendencias Globales<\/a> <\/strong>\u2013 Lee un informe del equipo de investigaci\u00f3n de IFES que describe las tendencias que m\u00e1s afectan a los movimientos de todo el mundo. Estas tendencias se usaron para crear la nueva estrategia de IFES.&nbsp;&nbsp;<\/p>\n<\/div>\n\n<div class=\"wp-block block-core-paragraph no-padding bottom\">\n<p class=\"no-padding bottom\"><strong><a href=\"https:\/\/ifesworld.org\/wp-content\/uploads\/2021\/04\/IFES-Student-Survey-2020_Full-report_ES_FINAL.pdf\">Informe de los Cuestionarios a los Estudiantes<\/a> &nbsp;<\/strong>\u2013 Descubre las aportaciones de&nbsp;los estudiantes enviadas&nbsp;mediante el Informe del Cuestionario a los Estudiantes. Este informe se us\u00f3 para crear la nueva estrategia de IFES.&nbsp;<\/p>\n<\/div>\n\n<div class=\"wp-block block-core-paragraph\">\n<p><a href=\"https:\/\/ifesworld.org\/wp-content\/uploads\/2021\/05\/Biblical-Reflexion.zip\" target=\"_blank\" rel=\"noreferrer noopener\"><strong>Documentos de reflexi\u00f3n b\u00edblica (EN)<\/strong><\/a>\u2013 Lee las reflexiones de dos miembros del Grupo de Trabajo Estrat\u00e9gico, Nigel Pollock (Director Ejecutivo de IVCF Canad\u00e1) y Geoff Lin (Director de AFES), en los marcos teol\u00f3gico y b\u00edblico para nuestra planificaci\u00f3n estrat\u00e9gica.<strong>&nbsp;<\/strong>&nbsp;<\/p>\n<\/div>\n\n<div class=\"wp-block block-core-paragraph\">\n<p><a href=\"https:\/\/ifesworld.org\/wp-content\/uploads\/2021\/05\/Taking-Time-To-Thrive-Reporting-on-Tims-First-100-Days.pdf\" target=\"_blank\" rel=\"noreferrer noopener\"><strong>Informe de 100 d\u00edas de Tim Adams (EN) <\/strong><\/a>\u2013 Lee lo que ha logrado Tim Adams en sus primeros 100 d\u00edas como Secretario General y lo que implica para IFES.\u202f&nbsp;<\/p>\n<\/div><\/div>\n<\/div><\/div>","protected":false},"excerpt":{"rendered":"<p>Una de las im\u00e1genes m\u00e1s bellas de la Biblia es el \u00e1rbol que encontramos en el primer salmo, dando fruto temporada tras temporada y que tiene hojas que no se marchitan. Este \u00e1rbol crece porque est\u00e1 plantado en un buen lugar y sus ra\u00edces se alimentan de los r\u00edos de agua viva.&nbsp;&nbsp; Al igual que&#8230;<\/p>\n","protected":false},"author":18,"featured_media":15602,"parent":0,"menu_order":0,"comment_status":"closed","ping_status":"closed","template":"","meta":{"_acf_changed":false,"inline_featured_image":false,"footnotes":""},"area":[],"theme":[],"class_list":["post-15578","page","type-page","status-publish","has-post-thumbnail","hentry"],"acf":[],"yoast_head":"<!-- This site is optimized with the Yoast SEO plugin v23.7 - https:\/\/yoast.com\/wordpress\/plugins\/seo\/ -->\n<title>CRECIENDO JUNTOS &#183; IFES<\/title>\n<meta name=\"description\" content=\"Una de las im\u00e1genes m\u00e1s bellas de la Biblia es el \u00e1rbol que encontramos en el primer salmo, dando fruto temporada tras temporada y que tiene hojas que no\" \/>\n<meta name=\"robots\" content=\"noindex, follow, max-snippet:-1, max-image-preview:large, max-video-preview:-1\" \/>\n<meta property=\"og:locale\" content=\"es_ES\" \/>\n<meta property=\"og:type\" content=\"article\" \/>\n<meta property=\"og:title\" content=\"CRECIENDO JUNTOS &#183; IFES\" \/>\n<meta property=\"og:description\" content=\"Una de las im\u00e1genes m\u00e1s bellas de la Biblia es el \u00e1rbol que encontramos en el primer salmo, dando fruto temporada tras temporada y que tiene hojas que no\" \/>\n<meta property=\"og:url\" content=\"https:\/\/ifesworld.org\/es\/la-estrategia-de-ifes\/\" \/>\n<meta property=\"og:site_name\" content=\"IFES\" \/>\n<meta property=\"article:modified_time\" content=\"2024-03-14T16:15:56+00:00\" \/>\n<meta property=\"og:image\" content=\"https:\/\/ifesworld.org\/wp-content\/uploads\/2021\/05\/sushobhan-badhai-LrPKL7jOldI-unsplash-scaled.jpg\" \/>\n\t<meta property=\"og:image:width\" content=\"2560\" \/>\n\t<meta property=\"og:image:height\" content=\"1439\" \/>\n\t<meta property=\"og:image:type\" content=\"image\/jpeg\" \/>\n<meta name=\"twitter:card\" content=\"summary_large_image\" \/>\n<meta name=\"twitter:label1\" content=\"Tiempo de lectura\" \/>\n\t<meta name=\"twitter:data1\" content=\"5 minutos\" \/>\n<script type=\"application\/ld+json\" class=\"yoast-schema-graph\">{\"@context\":\"https:\/\/schema.org\",\"@graph\":[{\"@type\":\"WebPage\",\"@id\":\"https:\/\/ifesworld.org\/es\/la-estrategia-de-ifes\/\",\"url\":\"https:\/\/ifesworld.org\/es\/la-estrategia-de-ifes\/\",\"name\":\"CRECIENDO JUNTOS &#183; IFES\",\"isPartOf\":{\"@id\":\"https:\/\/fru2.ifesworld.org\/en\/#website\"},\"primaryImageOfPage\":{\"@id\":\"https:\/\/ifesworld.org\/es\/la-estrategia-de-ifes\/#primaryimage\"},\"image\":{\"@id\":\"https:\/\/ifesworld.org\/es\/la-estrategia-de-ifes\/#primaryimage\"},\"thumbnailUrl\":\"https:\/\/fru2.ifesworld.org\/wp-content\/uploads\/2021\/05\/sushobhan-badhai-LrPKL7jOldI-unsplash-scaled.jpg\",\"datePublished\":\"2021-05-04T15:57:12+00:00\",\"dateModified\":\"2024-03-14T16:15:56+00:00\",\"description\":\"Una de las im\u00e1genes m\u00e1s bellas de la Biblia es el \u00e1rbol que encontramos en el primer salmo, dando fruto temporada tras temporada y que tiene hojas que no\",\"breadcrumb\":{\"@id\":\"https:\/\/ifesworld.org\/es\/la-estrategia-de-ifes\/#breadcrumb\"},\"inLanguage\":\"es\",\"potentialAction\":[{\"@type\":\"ReadAction\",\"target\":[\"https:\/\/ifesworld.org\/es\/la-estrategia-de-ifes\/\"]}]},{\"@type\":\"ImageObject\",\"inLanguage\":\"es\",\"@id\":\"https:\/\/ifesworld.org\/es\/la-estrategia-de-ifes\/#primaryimage\",\"url\":\"https:\/\/fru2.ifesworld.org\/wp-content\/uploads\/2021\/05\/sushobhan-badhai-LrPKL7jOldI-unsplash-scaled.jpg\",\"contentUrl\":\"https:\/\/fru2.ifesworld.org\/wp-content\/uploads\/2021\/05\/sushobhan-badhai-LrPKL7jOldI-unsplash-scaled.jpg\",\"width\":2560,\"height\":1439},{\"@type\":\"BreadcrumbList\",\"@id\":\"https:\/\/ifesworld.org\/es\/la-estrategia-de-ifes\/#breadcrumb\",\"itemListElement\":[{\"@type\":\"ListItem\",\"position\":1,\"name\":\"Home\",\"item\":\"https:\/\/ifesworld.org\/es\/\"},{\"@type\":\"ListItem\",\"position\":2,\"name\":\"CRECIENDO JUNTOS\"}]},{\"@type\":\"WebSite\",\"@id\":\"https:\/\/fru2.ifesworld.org\/en\/#website\",\"url\":\"https:\/\/fru2.ifesworld.org\/en\/\",\"name\":\"IFES\",\"description\":\"A movement of students sharing and living out the good news of Jesus Christ. Locally. Nationally. Globally.\",\"publisher\":{\"@id\":\"https:\/\/fru2.ifesworld.org\/en\/#organization\"},\"potentialAction\":[{\"@type\":\"SearchAction\",\"target\":{\"@type\":\"EntryPoint\",\"urlTemplate\":\"https:\/\/fru2.ifesworld.org\/en\/?s={search_term_string}\"},\"query-input\":{\"@type\":\"PropertyValueSpecification\",\"valueRequired\":true,\"valueName\":\"search_term_string\"}}],\"inLanguage\":\"es\"},{\"@type\":\"Organization\",\"@id\":\"https:\/\/fru2.ifesworld.org\/en\/#organization\",\"name\":\"IFES \u00b7 International Fellowship of Evangelical Students\",\"url\":\"https:\/\/fru2.ifesworld.org\/en\/\",\"logo\":{\"@type\":\"ImageObject\",\"inLanguage\":\"es\",\"@id\":\"https:\/\/fru2.ifesworld.org\/en\/#\/schema\/logo\/image\/\",\"url\":\"https:\/\/ifesworld.org\/wp-content\/uploads\/2019\/06\/ifeslogo.png\",\"contentUrl\":\"https:\/\/ifesworld.org\/wp-content\/uploads\/2019\/06\/ifeslogo.png\",\"width\":262,\"height\":262,\"caption\":\"IFES \u00b7 International Fellowship of Evangelical Students\"},\"image\":{\"@id\":\"https:\/\/fru2.ifesworld.org\/en\/#\/schema\/logo\/image\/\"}}]}<\/script>\n<!-- \/ Yoast SEO plugin. -->","yoast_head_json":{"title":"CRECIENDO JUNTOS &#183; IFES","description":"Una de las im\u00e1genes m\u00e1s bellas de la Biblia es el \u00e1rbol que encontramos en el primer salmo, dando fruto temporada tras temporada y que tiene hojas que no","robots":{"index":"noindex","follow":"follow","max-snippet":"max-snippet:-1","max-image-preview":"max-image-preview:large","max-video-preview":"max-video-preview:-1"},"og_locale":"es_ES","og_type":"article","og_title":"CRECIENDO JUNTOS &#183; IFES","og_description":"Una de las im\u00e1genes m\u00e1s bellas de la Biblia es el \u00e1rbol que encontramos en el primer salmo, dando fruto temporada tras temporada y que tiene hojas que no","og_url":"https:\/\/ifesworld.org\/es\/la-estrategia-de-ifes\/","og_site_name":"IFES","article_modified_time":"2024-03-14T16:15:56+00:00","og_image":[{"width":2560,"height":1439,"url":"https:\/\/ifesworld.org\/wp-content\/uploads\/2021\/05\/sushobhan-badhai-LrPKL7jOldI-unsplash-scaled.jpg","type":"image\/jpeg"}],"twitter_card":"summary_large_image","twitter_misc":{"Tiempo de lectura":"5 minutos"},"schema":{"@context":"https:\/\/schema.org","@graph":[{"@type":"WebPage","@id":"https:\/\/ifesworld.org\/es\/la-estrategia-de-ifes\/","url":"https:\/\/ifesworld.org\/es\/la-estrategia-de-ifes\/","name":"CRECIENDO JUNTOS &#183; IFES","isPartOf":{"@id":"https:\/\/fru2.ifesworld.org\/en\/#website"},"primaryImageOfPage":{"@id":"https:\/\/ifesworld.org\/es\/la-estrategia-de-ifes\/#primaryimage"},"image":{"@id":"https:\/\/ifesworld.org\/es\/la-estrategia-de-ifes\/#primaryimage"},"thumbnailUrl":"https:\/\/fru2.ifesworld.org\/wp-content\/uploads\/2021\/05\/sushobhan-badhai-LrPKL7jOldI-unsplash-scaled.jpg","datePublished":"2021-05-04T15:57:12+00:00","dateModified":"2024-03-14T16:15:56+00:00","description":"Una de las im\u00e1genes m\u00e1s bellas de la Biblia es el \u00e1rbol que encontramos en el primer salmo, dando fruto temporada tras temporada y que tiene hojas que no","breadcrumb":{"@id":"https:\/\/ifesworld.org\/es\/la-estrategia-de-ifes\/#breadcrumb"},"inLanguage":"es","potentialAction":[{"@type":"ReadAction","target":["https:\/\/ifesworld.org\/es\/la-estrategia-de-ifes\/"]}]},{"@type":"ImageObject","inLanguage":"es","@id":"https:\/\/ifesworld.org\/es\/la-estrategia-de-ifes\/#primaryimage","url":"https:\/\/fru2.ifesworld.org\/wp-content\/uploads\/2021\/05\/sushobhan-badhai-LrPKL7jOldI-unsplash-scaled.jpg","contentUrl":"https:\/\/fru2.ifesworld.org\/wp-content\/uploads\/2021\/05\/sushobhan-badhai-LrPKL7jOldI-unsplash-scaled.jpg","width":2560,"height":1439},{"@type":"BreadcrumbList","@id":"https:\/\/ifesworld.org\/es\/la-estrategia-de-ifes\/#breadcrumb","itemListElement":[{"@type":"ListItem","position":1,"name":"Home","item":"https:\/\/ifesworld.org\/es\/"},{"@type":"ListItem","position":2,"name":"CRECIENDO JUNTOS"}]},{"@type":"WebSite","@id":"https:\/\/fru2.ifesworld.org\/en\/#website","url":"https:\/\/fru2.ifesworld.org\/en\/","name":"IFES","description":"A movement of students sharing and living out the good news of Jesus Christ. Locally. Nationally. Globally.","publisher":{"@id":"https:\/\/fru2.ifesworld.org\/en\/#organization"},"potentialAction":[{"@type":"SearchAction","target":{"@type":"EntryPoint","urlTemplate":"https:\/\/fru2.ifesworld.org\/en\/?s={search_term_string}"},"query-input":{"@type":"PropertyValueSpecification","valueRequired":true,"valueName":"search_term_string"}}],"inLanguage":"es"},{"@type":"Organization","@id":"https:\/\/fru2.ifesworld.org\/en\/#organization","name":"IFES \u00b7 International Fellowship of Evangelical Students","url":"https:\/\/fru2.ifesworld.org\/en\/","logo":{"@type":"ImageObject","inLanguage":"es","@id":"https:\/\/fru2.ifesworld.org\/en\/#\/schema\/logo\/image\/","url":"https:\/\/ifesworld.org\/wp-content\/uploads\/2019\/06\/ifeslogo.png","contentUrl":"https:\/\/ifesworld.org\/wp-content\/uploads\/2019\/06\/ifeslogo.png","width":262,"height":262,"caption":"IFES \u00b7 International Fellowship of Evangelical Students"},"image":{"@id":"https:\/\/fru2.ifesworld.org\/en\/#\/schema\/logo\/image\/"}}]}},"_links":{"self":[{"href":"https:\/\/fru2.ifesworld.org\/es\/wp-json\/wp\/v2\/pages\/15578","targetHints":{"allow":["GET"]}}],"collection":[{"href":"https:\/\/fru2.ifesworld.org\/es\/wp-json\/wp\/v2\/pages"}],"about":[{"href":"https:\/\/fru2.ifesworld.org\/es\/wp-json\/wp\/v2\/types\/page"}],"author":[{"embeddable":true,"href":"https:\/\/fru2.ifesworld.org\/es\/wp-json\/wp\/v2\/users\/18"}],"replies":[{"embeddable":true,"href":"https:\/\/fru2.ifesworld.org\/es\/wp-json\/wp\/v2\/comments?post=15578"}],"version-history":[{"count":12,"href":"https:\/\/fru2.ifesworld.org\/es\/wp-json\/wp\/v2\/pages\/15578\/revisions"}],"predecessor-version":[{"id":34896,"href":"https:\/\/fru2.ifesworld.org\/es\/wp-json\/wp\/v2\/pages\/15578\/revisions\/34896"}],"wp:featuredmedia":[{"embeddable":true,"href":"https:\/\/fru2.ifesworld.org\/es\/wp-json\/wp\/v2\/media\/15602"}],"wp:attachment":[{"href":"https:\/\/fru2.ifesworld.org\/es\/wp-json\/wp\/v2\/media?parent=15578"}],"wp:term":[{"taxonomy":"area","embeddable":true,"href":"https:\/\/fru2.ifesworld.org\/es\/wp-json\/wp\/v2\/area?post=15578"},{"taxonomy":"theme","embeddable":true,"href":"https:\/\/fru2.ifesworld.org\/es\/wp-json\/wp\/v2\/theme?post=15578"}],"curies":[{"name":"wp","href":"https:\/\/api.w.org\/{rel}","templated":true}]}}