{"id":17158,"date":"2021-10-28T11:14:59","date_gmt":"2021-10-28T10:14:59","guid":{"rendered":"https:\/\/ifesworld.org\/?page_id=17158"},"modified":"2024-08-30T11:55:00","modified_gmt":"2024-08-30T10:55:00","slug":"podcasts-de-lifes","status":"publish","type":"page","link":"https:\/\/fru2.ifesworld.org\/fr\/podcasts-de-lifes\/","title":{"rendered":"Podcasts de l&rsquo;IFES"},"content":{"rendered":"<div class=\"wp-block block-core-group\">\n<div class=\"wp-block-group\"><div class=\"wp-block-group__inner-container is-layout-flow wp-block-group-is-layout-flow\"><div class=\"wp-block block-core-heading\">\n<h1 class=\"wp-block-heading\">Parlons du minist\u00e8re \u00e9tudiant&nbsp;<\/h1>\n<\/div>\n\n<div class=\"wp-block block-core-paragraph\">\n<p>Abonnez-vous aux podcasts de l&rsquo;IFES pour d\u00e9couvrir des informations sur le minist\u00e8re \u00e9tudiant mondial.&nbsp;<\/p>\n<\/div>\n\n<div class=\"wp-block block-core-paragraph\">\n<p>Chaque semaine,\u00a0Prayerline\u00a0livre un r\u00e9cit provenant directement de la base de l\u2019un de nos 164 mouvements de l&rsquo;IFES. Vous entendrez peut-\u00eatre des r\u00e9cits de la bravoure d\u2019\u00e9tudiants face \u00e0 la pers\u00e9cution, des approches novatrices de l\u2019\u00e9vang\u00e9lisation ou de l&rsquo;impact d\u2019une petite \u00e9tude biblique en chambre universitaire. Pour finir, nous vous donnerons quelques id\u00e9es sur la mani\u00e8re de porter ces \u00e9tudiants rencontr\u00e9s dans le r\u00e9cit dans la pri\u00e8re. C\u2019est un excellent moyen de rester \u00e0 jour sur la fa\u00e7on dont vous pouvez prier pour les mouvements \u00e0 travers le monde.\u00a0\u00a0<\/p>\n<\/div>\n\n<div class=\"wp-block block-core-paragraph\">\n<p>Sur&nbsp;Voices&nbsp;of IFES, nous allons directement \u00e0 la source pour entendre parler des projets, des id\u00e9es et des perspectives du minist\u00e8re. Vous y trouverez des entretiens avec des \u00e9tudiants et des responsables de l&rsquo;IFES. Entre&nbsp;autres, vous entendrez parler de la cr\u00e9ation de nouveaux campus, de l&rsquo;utilisation du codage informatique pour r\u00e9pandre l&rsquo;\u00e9vangile et du maintien de l&rsquo;int\u00e9grit\u00e9 dans un contexte tr\u00e8s s\u00e9cularis\u00e9.&nbsp;Vous apprendrez de personnes de tous les coins du monde et vous d\u00e9couvrirez les fa\u00e7ons remarquables&nbsp;dont&nbsp;notre union va \u00e0 la rencontre des \u00e9tudiants.&nbsp;&nbsp;<\/p>\n<\/div><\/div>\n<\/div><\/div>\n\n<div class=\"wp-block block-core-group alignfull\">\n<div class=\"wp-block-group alignfull has-white-dark-background-color has-background\"><div class=\"wp-block-group__inner-container is-layout-flow wp-block-group-is-layout-flow\"><div class=\"wp-block block-core-heading\">\n<h3 class=\"wp-block-heading\">Vous pouvez vous abonner \u00e0&nbsp;Prayerline&nbsp;et&nbsp;Voices&nbsp;of IFES&nbsp;partout o\u00f9 vous pouvez r\u00e9cup\u00e9rer vos podcasts.&nbsp;&nbsp;<\/h3>\n<\/div>\n\n<div class=\"wp-block block-core-columns\">\n<div class=\"wp-block-columns is-layout-flex wp-container-core-columns-is-layout-1 wp-block-columns-is-layout-flex\">\n<div class=\"wp-block-column is-layout-flow wp-block-column-is-layout-flow\"><div class=\"wp-block block-core-heading\">\n<h2 class=\"wp-block-heading\">IFES Prayerline <\/h2>\n<\/div>\n\n<div class=\"wp-block block-acf-ifesbutton\">\n<div class=\"\">\n    <a id=\"btn-block_8db12ef50b4989f213d988dc3a14c1d3\" target=\"_blank\" href=\"https:\/\/music.amazon.com\/podcasts\/53b30215-792b-484e-90fe-476787763f16\/ifes-prayerline\" class=\"btn btn--cta-link\">\n        <span>\n                    <span class=\"icon\"><svg class=\"icon\"><use xlink:href=\"#chevron-circle-right-solid\"\/><\/svg><\/span>\n        Amazon Music        <\/span>\n    <\/a>\n<\/div>\n\n<\/div>\n\n<div class=\"wp-block block-acf-ifesbutton\">\n<div class=\"\">\n    <a id=\"btn-block_d770a0d25f60f3a52129f589ac5a2a62\" target=\"_blank\" href=\"https:\/\/open.spotify.com\/show\/0vHvRzxaWiumZnW9w2yzJQ\" class=\"btn btn--cta-link\">\n        <span>\n                    <span class=\"icon\"><svg class=\"icon\"><use xlink:href=\"#chevron-circle-right-solid\"\/><\/svg><\/span>\n        Spotify        <\/span>\n    <\/a>\n<\/div>\n\n<\/div>\n\n<div class=\"wp-block block-acf-ifesbutton\">\n<div class=\"\">\n    <a id=\"btn-block_116794ce977621841a42cba6a70e87be\" target=\"_blank\" href=\"https:\/\/www.audible.co.uk\/pd\/Podcast\/B08K5WM54M?qid=1628589732&#038;sr=1-1&#038;ref=a_search_c3_lProduct_1_1&#038;pf_rd_p=c6e316b8-14da-418d-8f91-b3cad83c5183&#038;pf_rd_r=NJ3T62RA94SVBZJD9XAH\" class=\"btn btn--cta-link\">\n        <span>\n                    <span class=\"icon\"><svg class=\"icon\"><use xlink:href=\"#chevron-circle-right-solid\"\/><\/svg><\/span>\n        Audible        <\/span>\n    <\/a>\n<\/div>\n\n<\/div>\n\n<div class=\"wp-block block-acf-ifesbutton\">\n<div class=\"\">\n    <a id=\"btn-block_8f18698a20e2fc3d29eb3c6ef5867209\" target=\"_blank\" href=\"https:\/\/podcasts.apple.com\/us\/podcast\/ifes-prayerline\/id1578455150\" class=\"btn btn--cta-link\">\n        <span>\n                    <span class=\"icon\"><svg class=\"icon\"><use xlink:href=\"#chevron-circle-right-solid\"\/><\/svg><\/span>\n        Apple Podcast        <\/span>\n    <\/a>\n<\/div>\n\n<\/div>\n\n<div class=\"wp-block block-acf-ifesbutton\">\n<div class=\"\">\n    <a id=\"btn-block_231e7f007cda14c0f058dbe0449f4347\" target=\"_blank\" href=\"https:\/\/podcasts.google.com\/feed\/aHR0cHM6Ly9mZWVkLnBvZGJlYW4uY29tL2lmZXNwcmF5ZXJsaW5lL2ZlZWQueG1s\" class=\"btn btn--cta-link\">\n        <span>\n                    <span class=\"icon\"><svg class=\"icon\"><use xlink:href=\"#chevron-circle-right-solid\"\/><\/svg><\/span>\n        Google Podcast         <\/span>\n    <\/a>\n<\/div>\n\n<\/div>\n\n<div class=\"wp-block block-acf-ifesbutton\">\n<div class=\"\">\n    <a id=\"btn-block_1a1e852231c4ab2578ae23f7c608bf68\" target=\"_blank\" href=\"https:\/\/www.deezer.com\/fr\/show\/2864202\" class=\"btn btn--cta-link\">\n        <span>\n                    <span class=\"icon\"><svg class=\"icon\"><use xlink:href=\"#chevron-circle-right-solid\"\/><\/svg><\/span>\n        DEEZER        <\/span>\n    <\/a>\n<\/div>\n\n<\/div>\n\n<div class=\"wp-block block-acf-ifesbutton\">\n<div class=\"\">\n    <a id=\"btn-block_f562b9a6502b4217cf55f9a98b71edc6\" target=\"_blank\" href=\"https:\/\/cms.glb.samsungcast.com\/login\" class=\"btn btn--cta-link\">\n        <span>\n                    <span class=\"icon\"><svg class=\"icon\"><use xlink:href=\"#chevron-circle-right-solid\"\/><\/svg><\/span>\n        Samsung Podcast        <\/span>\n    <\/a>\n<\/div>\n\n<\/div>\n\n<div class=\"wp-block block-acf-ifesbutton\">\n<div class=\"\">\n    <a id=\"btn-block_25a716136832f1f7b43a0336e5d6baa4\" target=\"_blank\" href=\"https:\/\/www.youtube.com\/playlist?list=PL-m4j5a97yT6CRI9UQqBwsrz-QwlgPWe2\" class=\"btn btn--cta-link\">\n        <span>\n                    <span class=\"icon\"><svg class=\"icon\"><use xlink:href=\"#chevron-circle-right-solid\"\/><\/svg><\/span>\n        Youtube        <\/span>\n    <\/a>\n<\/div>\n\n<\/div><\/div>\n\n\n\n<div class=\"wp-block-column is-layout-flow wp-block-column-is-layout-flow\"><div class=\"wp-block block-core-heading\">\n<h2 class=\"wp-block-heading\">Voices of IFES<\/h2>\n<\/div>\n\n<div class=\"wp-block block-acf-ifesbutton\">\n<div class=\"\">\n    <a id=\"btn-block_aa610bfd8aed17d9a5292ea9a48b96ca\" target=\"_blank\" href=\"https:\/\/music.amazon.com\/podcasts\/f0afdccc-d47d-46dd-8ace-6944f097d7ea\/voices-of-ifes\" class=\"btn btn--cta-link\">\n        <span>\n                    <span class=\"icon\"><svg class=\"icon\"><use xlink:href=\"#chevron-circle-right-solid\"\/><\/svg><\/span>\n        Amazon Music        <\/span>\n    <\/a>\n<\/div>\n\n<\/div>\n\n<div class=\"wp-block block-acf-ifesbutton\">\n<div class=\"\">\n    <a id=\"btn-block_3a274e469993405e0714da31c64a171b\" target=\"\" href=\"https:\/\/open.spotify.com\/show\/6VDsj26te8JTUWUfhIV6Lk\" class=\"btn btn--cta-link\">\n        <span>\n                    <span class=\"icon\"><svg class=\"icon\"><use xlink:href=\"#chevron-circle-right-solid\"\/><\/svg><\/span>\n        Spotify        <\/span>\n    <\/a>\n<\/div>\n\n<\/div>\n\n<div class=\"wp-block block-acf-ifesbutton\">\n<div class=\"\">\n    <a id=\"btn-block_b630a811c2aaa2c0b1e583996b4becea\" target=\"_blank\" href=\"https:\/\/www.audible.co.uk\/pd\/Podcast\/B08K5YVQXL?qid=1629642648&#038;sr=1-1&#038;ref=a_search_c3_lProduct_1_1&#038;pf_rd_p=c6e316b8-14da-418d-8f91-b3cad83c5183&#038;pf_rd_r=ZVF8QTHH885Z9YFN4NX1\" class=\"btn btn--cta-link\">\n        <span>\n                    <span class=\"icon\"><svg class=\"icon\"><use xlink:href=\"#chevron-circle-right-solid\"\/><\/svg><\/span>\n        Audible        <\/span>\n    <\/a>\n<\/div>\n\n<\/div>\n\n<div class=\"wp-block block-acf-ifesbutton\">\n<div class=\"\">\n    <a id=\"btn-block_dd21d4be74ce4cbbfeb314d2d718a63c\" target=\"_blank\" href=\"https:\/\/podcasts.apple.com\/us\/podcast\/voices-of-ifes\/id1582316698\" class=\"btn btn--cta-link\">\n        <span>\n                    <span class=\"icon\"><svg class=\"icon\"><use xlink:href=\"#chevron-circle-right-solid\"\/><\/svg><\/span>\n        Apple Podcast        <\/span>\n    <\/a>\n<\/div>\n\n<\/div>\n\n<div class=\"wp-block block-acf-ifesbutton\">\n<div class=\"\">\n    <a id=\"btn-block_f83c7ed397aaf1c082d7426cc306530e\" target=\"_blank\" href=\"https:\/\/podcasts.google.com\/feed\/aHR0cHM6Ly9mZWVkLnBvZGJlYW4uY29tL3ZvaWNlc29maWZlcy9mZWVkLnhtbA\" class=\"btn btn--cta-link\">\n        <span>\n                    <span class=\"icon\"><svg class=\"icon\"><use xlink:href=\"#chevron-circle-right-solid\"\/><\/svg><\/span>\n        Google Podcast        <\/span>\n    <\/a>\n<\/div>\n\n<\/div>\n\n<div class=\"wp-block block-acf-ifesbutton\">\n<div class=\"\">\n    <a id=\"btn-block_e08c33d027ab63d42b1b0cc13d013a96\" target=\"_blank\" href=\"https:\/\/www.deezer.com\/fr\/show\/3491257\" class=\"btn btn--cta-link\">\n        <span>\n                    <span class=\"icon\"><svg class=\"icon\"><use xlink:href=\"#chevron-circle-right-solid\"\/><\/svg><\/span>\n        DEEZER        <\/span>\n    <\/a>\n<\/div>\n\n<\/div>\n\n<div class=\"wp-block block-acf-ifesbutton\">\n<div class=\"\">\n    <a id=\"btn-block_f562b9a6502b4217cf55f9a98b71edc6\" target=\"_blank\" href=\"https:\/\/cms.glb.samsungcast.com\/login\" class=\"btn btn--cta-link\">\n        <span>\n                    <span class=\"icon\"><svg class=\"icon\"><use xlink:href=\"#chevron-circle-right-solid\"\/><\/svg><\/span>\n        Samsung Podcast        <\/span>\n    <\/a>\n<\/div>\n\n<\/div>\n\n<div class=\"wp-block block-acf-ifesbutton\">\n<div class=\"\">\n    <a id=\"btn-block_ef1b8a833c3f8bb8b3b38a815334d779\" target=\"_blank\" href=\"https:\/\/www.youtube.com\/playlist?list=PL-m4j5a97yT44b8o0JChc6OdWg7-AI1uG\" class=\"btn btn--cta-link\">\n        <span>\n                    <span class=\"icon\"><svg class=\"icon\"><use xlink:href=\"#chevron-circle-right-solid\"\/><\/svg><\/span>\n        YOUTUBE        <\/span>\n    <\/a>\n<\/div>\n\n<\/div><\/div>\n<\/div>\n<\/div><\/div>\n<\/div><\/div>\n\n<div class=\"wp-block block-core-group alignfull\">\n<div class=\"wp-block-group alignfull has-caribbean-background-color has-background\"><div class=\"wp-block-group__inner-container is-layout-flow wp-block-group-is-layout-flow\"><div class=\"wp-block block-core-heading\">\n<h2 class=\"wp-block-heading has-primary-color has-text-color\">Dieu \u00e0 l\u2019\u0153uvre dans les Antilles avec Jean-Davy Frair de CARIFES<\/h2>\n<\/div>\n\n<div class=\"wp-block block-core-columns\">\n<div class=\"wp-block-columns is-layout-flex wp-container-core-columns-is-layout-2 wp-block-columns-is-layout-flex\">\n<div class=\"wp-block-column is-layout-flow wp-block-column-is-layout-flow\"><div class=\"wp-block block-core-html\">\n<iframe loading=\"lazy\" title=\"Dieu \u00e0 l\u2019\u0153uvre dans les Antilles avec Jean-Davy Frair de CARIFES\" allowtransparency=\"true\" height=\"150\" width=\"100%\" style=\"border: none; min-width: min(100%, 430px);\" scrolling=\"no\" data-name=\"pb-iframe-player\" src=\"https:\/\/www.podbean.com\/player-v2\/?i=9i3xi-138fa3f-pb&#038;from=pb6admin&#038;share=1&#038;download=1&#038;rtl=0&#038;fonts=Arial&#038;skin=1&#038;font-color=auto&#038;logo_link=episode_page&#038;btn-skin=ff6d00\"><\/iframe>\n<\/div><\/div>\n\n\n\n<div class=\"wp-block-column is-layout-flow wp-block-column-is-layout-flow\"><div class=\"wp-block block-core-paragraph\">\n<p class=\"has-primary-color has-text-color\">Jean-Davy est originaire de la Guadeloupe, une \u00eele fran\u00e7aise des Cara\u00efbes. \u00c9coutez sa carri\u00e8re au sein de l&rsquo;IFES et la mani\u00e8re dont il aide les \u00eeles et d\u00e9partements francophones \u00e0 faire cro\u00eetre leur mouvement, qui sont parfois encore en d\u00e9veloppement. D\u00e9couvrez ce que font ces \u00eeles et d\u00e9partements et \u00e9coutez des histoires de vies transform\u00e9es.<\/p>\n<\/div>\n\n<div class=\"wp-block block-core-paragraph\">\n<p class=\"has-primary-color has-text-color\">Si vous souhaitez soutenir CARIFES c&rsquo;est par ici :<\/p>\n<\/div>\n\n<div class=\"wp-block block-acf-ifesbutton\">\n<div class=\"\">\n    <a id=\"btn-block_69d2b5cd0d59ae35b397481edb1d2f79\" target=\"_blank\" href=\"https:\/\/ifesworld.org\/fr\/donner\/?fund=CR000_REGN&#038;source=IFESWEBSITE\" class=\"btn btn--secondary\">\n        <span>\n        Soutenir le Minist\u00e8re de CARIFES        <\/span>\n    <\/a>\n<\/div>\n\n<\/div><\/div>\n<\/div>\n<\/div><\/div>\n<\/div><\/div>","protected":false},"excerpt":{"rendered":"<p>Parlons du minist\u00e8re \u00e9tudiant&nbsp; Abonnez-vous aux podcasts de l&rsquo;IFES pour d\u00e9couvrir des informations sur le minist\u00e8re \u00e9tudiant mondial.&nbsp; Chaque semaine,\u00a0Prayerline\u00a0livre un r\u00e9cit provenant directement de la base de l\u2019un de nos 164 mouvements de l&rsquo;IFES. Vous entendrez peut-\u00eatre des r\u00e9cits de la bravoure d\u2019\u00e9tudiants face \u00e0 la pers\u00e9cution, des approches novatrices de l\u2019\u00e9vang\u00e9lisation ou de&#8230;<\/p>\n","protected":false},"author":18,"featured_media":16220,"parent":0,"menu_order":0,"comment_status":"closed","ping_status":"closed","template":"","meta":{"_acf_changed":false,"inline_featured_image":false,"footnotes":""},"area":[],"theme":[],"class_list":["post-17158","page","type-page","status-publish","has-post-thumbnail","hentry"],"acf":[],"yoast_head":"<!-- This site is optimized with the Yoast SEO plugin v23.7 - https:\/\/yoast.com\/wordpress\/plugins\/seo\/ -->\n<title>Podcasts de l&#039;IFES &#183; IFES<\/title>\n<meta name=\"description\" content=\"Parlons du minist\u00e8re \u00e9tudiant&nbsp; Abonnez-vous aux podcasts de l&#039;IFES pour d\u00e9couvrir des informations sur le minist\u00e8re \u00e9tudiant mondial.&nbsp; Chaque\" \/>\n<meta name=\"robots\" content=\"noindex, follow, max-snippet:-1, max-image-preview:large, max-video-preview:-1\" \/>\n<meta property=\"og:locale\" content=\"fr_FR\" \/>\n<meta property=\"og:type\" content=\"article\" \/>\n<meta property=\"og:title\" content=\"Podcasts de l&#039;IFES &#183; IFES\" \/>\n<meta property=\"og:description\" content=\"Parlons du minist\u00e8re \u00e9tudiant&nbsp; Abonnez-vous aux podcasts de l&#039;IFES pour d\u00e9couvrir des informations sur le minist\u00e8re \u00e9tudiant mondial.&nbsp; Chaque\" \/>\n<meta property=\"og:url\" content=\"https:\/\/ifesworld.org\/fr\/podcasts-de-lifes\/\" \/>\n<meta property=\"og:site_name\" content=\"IFES\" \/>\n<meta property=\"article:modified_time\" content=\"2024-08-30T10:55:00+00:00\" \/>\n<meta property=\"og:image\" content=\"https:\/\/ifesworld.org\/wp-content\/uploads\/2021\/08\/ross-sneddon-G4fPRLboREI-unsplash.jpg\" \/>\n\t<meta property=\"og:image:width\" content=\"2400\" \/>\n\t<meta property=\"og:image:height\" content=\"1600\" \/>\n\t<meta property=\"og:image:type\" content=\"image\/jpeg\" \/>\n<meta name=\"twitter:card\" content=\"summary_large_image\" \/>\n<meta name=\"twitter:label1\" content=\"Dur\u00e9e de lecture estim\u00e9e\" \/>\n\t<meta name=\"twitter:data1\" content=\"2 minutes\" \/>\n<script type=\"application\/ld+json\" class=\"yoast-schema-graph\">{\"@context\":\"https:\/\/schema.org\",\"@graph\":[{\"@type\":\"WebPage\",\"@id\":\"https:\/\/ifesworld.org\/fr\/podcasts-de-lifes\/\",\"url\":\"https:\/\/ifesworld.org\/fr\/podcasts-de-lifes\/\",\"name\":\"Podcasts de l'IFES &#183; IFES\",\"isPartOf\":{\"@id\":\"https:\/\/fru2.ifesworld.org\/en\/#website\"},\"primaryImageOfPage\":{\"@id\":\"https:\/\/ifesworld.org\/fr\/podcasts-de-lifes\/#primaryimage\"},\"image\":{\"@id\":\"https:\/\/ifesworld.org\/fr\/podcasts-de-lifes\/#primaryimage\"},\"thumbnailUrl\":\"https:\/\/fru2.ifesworld.org\/wp-content\/uploads\/2021\/08\/ross-sneddon-G4fPRLboREI-unsplash.jpg\",\"datePublished\":\"2021-10-28T10:14:59+00:00\",\"dateModified\":\"2024-08-30T10:55:00+00:00\",\"description\":\"Parlons du minist\u00e8re \u00e9tudiant&nbsp; Abonnez-vous aux podcasts de l'IFES pour d\u00e9couvrir des informations sur le minist\u00e8re \u00e9tudiant mondial.&nbsp; Chaque\",\"breadcrumb\":{\"@id\":\"https:\/\/ifesworld.org\/fr\/podcasts-de-lifes\/#breadcrumb\"},\"inLanguage\":\"fr-FR\",\"potentialAction\":[{\"@type\":\"ReadAction\",\"target\":[\"https:\/\/ifesworld.org\/fr\/podcasts-de-lifes\/\"]}]},{\"@type\":\"ImageObject\",\"inLanguage\":\"fr-FR\",\"@id\":\"https:\/\/ifesworld.org\/fr\/podcasts-de-lifes\/#primaryimage\",\"url\":\"https:\/\/fru2.ifesworld.org\/wp-content\/uploads\/2021\/08\/ross-sneddon-G4fPRLboREI-unsplash.jpg\",\"contentUrl\":\"https:\/\/fru2.ifesworld.org\/wp-content\/uploads\/2021\/08\/ross-sneddon-G4fPRLboREI-unsplash.jpg\",\"width\":2400,\"height\":1600},{\"@type\":\"BreadcrumbList\",\"@id\":\"https:\/\/ifesworld.org\/fr\/podcasts-de-lifes\/#breadcrumb\",\"itemListElement\":[{\"@type\":\"ListItem\",\"position\":1,\"name\":\"Home\",\"item\":\"https:\/\/fru2.ifesworld.org\/fr\/\"},{\"@type\":\"ListItem\",\"position\":2,\"name\":\"Podcasts de l&#8217;IFES\"}]},{\"@type\":\"WebSite\",\"@id\":\"https:\/\/fru2.ifesworld.org\/en\/#website\",\"url\":\"https:\/\/fru2.ifesworld.org\/en\/\",\"name\":\"IFES\",\"description\":\"A movement of students sharing and living out the good news of Jesus Christ. Locally. Nationally. Globally.\",\"publisher\":{\"@id\":\"https:\/\/fru2.ifesworld.org\/en\/#organization\"},\"potentialAction\":[{\"@type\":\"SearchAction\",\"target\":{\"@type\":\"EntryPoint\",\"urlTemplate\":\"https:\/\/fru2.ifesworld.org\/en\/?s={search_term_string}\"},\"query-input\":{\"@type\":\"PropertyValueSpecification\",\"valueRequired\":true,\"valueName\":\"search_term_string\"}}],\"inLanguage\":\"fr-FR\"},{\"@type\":\"Organization\",\"@id\":\"https:\/\/fru2.ifesworld.org\/en\/#organization\",\"name\":\"IFES \u00b7 International Fellowship of Evangelical Students\",\"url\":\"https:\/\/fru2.ifesworld.org\/en\/\",\"logo\":{\"@type\":\"ImageObject\",\"inLanguage\":\"fr-FR\",\"@id\":\"https:\/\/fru2.ifesworld.org\/en\/#\/schema\/logo\/image\/\",\"url\":\"https:\/\/ifesworld.org\/wp-content\/uploads\/2019\/06\/ifeslogo.png\",\"contentUrl\":\"https:\/\/ifesworld.org\/wp-content\/uploads\/2019\/06\/ifeslogo.png\",\"width\":262,\"height\":262,\"caption\":\"IFES \u00b7 International Fellowship of Evangelical Students\"},\"image\":{\"@id\":\"https:\/\/fru2.ifesworld.org\/en\/#\/schema\/logo\/image\/\"}}]}<\/script>\n<!-- \/ Yoast SEO plugin. -->","yoast_head_json":{"title":"Podcasts de l'IFES &#183; IFES","description":"Parlons du minist\u00e8re \u00e9tudiant&nbsp; Abonnez-vous aux podcasts de l'IFES pour d\u00e9couvrir des informations sur le minist\u00e8re \u00e9tudiant mondial.&nbsp; Chaque","robots":{"index":"noindex","follow":"follow","max-snippet":"max-snippet:-1","max-image-preview":"max-image-preview:large","max-video-preview":"max-video-preview:-1"},"og_locale":"fr_FR","og_type":"article","og_title":"Podcasts de l'IFES &#183; IFES","og_description":"Parlons du minist\u00e8re \u00e9tudiant&nbsp; Abonnez-vous aux podcasts de l'IFES pour d\u00e9couvrir des informations sur le minist\u00e8re \u00e9tudiant mondial.&nbsp; Chaque","og_url":"https:\/\/ifesworld.org\/fr\/podcasts-de-lifes\/","og_site_name":"IFES","article_modified_time":"2024-08-30T10:55:00+00:00","og_image":[{"width":2400,"height":1600,"url":"https:\/\/ifesworld.org\/wp-content\/uploads\/2021\/08\/ross-sneddon-G4fPRLboREI-unsplash.jpg","type":"image\/jpeg"}],"twitter_card":"summary_large_image","twitter_misc":{"Dur\u00e9e de lecture estim\u00e9e":"2 minutes"},"schema":{"@context":"https:\/\/schema.org","@graph":[{"@type":"WebPage","@id":"https:\/\/ifesworld.org\/fr\/podcasts-de-lifes\/","url":"https:\/\/ifesworld.org\/fr\/podcasts-de-lifes\/","name":"Podcasts de l'IFES &#183; IFES","isPartOf":{"@id":"https:\/\/fru2.ifesworld.org\/en\/#website"},"primaryImageOfPage":{"@id":"https:\/\/ifesworld.org\/fr\/podcasts-de-lifes\/#primaryimage"},"image":{"@id":"https:\/\/ifesworld.org\/fr\/podcasts-de-lifes\/#primaryimage"},"thumbnailUrl":"https:\/\/fru2.ifesworld.org\/wp-content\/uploads\/2021\/08\/ross-sneddon-G4fPRLboREI-unsplash.jpg","datePublished":"2021-10-28T10:14:59+00:00","dateModified":"2024-08-30T10:55:00+00:00","description":"Parlons du minist\u00e8re \u00e9tudiant&nbsp; Abonnez-vous aux podcasts de l'IFES pour d\u00e9couvrir des informations sur le minist\u00e8re \u00e9tudiant mondial.&nbsp; Chaque","breadcrumb":{"@id":"https:\/\/ifesworld.org\/fr\/podcasts-de-lifes\/#breadcrumb"},"inLanguage":"fr-FR","potentialAction":[{"@type":"ReadAction","target":["https:\/\/ifesworld.org\/fr\/podcasts-de-lifes\/"]}]},{"@type":"ImageObject","inLanguage":"fr-FR","@id":"https:\/\/ifesworld.org\/fr\/podcasts-de-lifes\/#primaryimage","url":"https:\/\/fru2.ifesworld.org\/wp-content\/uploads\/2021\/08\/ross-sneddon-G4fPRLboREI-unsplash.jpg","contentUrl":"https:\/\/fru2.ifesworld.org\/wp-content\/uploads\/2021\/08\/ross-sneddon-G4fPRLboREI-unsplash.jpg","width":2400,"height":1600},{"@type":"BreadcrumbList","@id":"https:\/\/ifesworld.org\/fr\/podcasts-de-lifes\/#breadcrumb","itemListElement":[{"@type":"ListItem","position":1,"name":"Home","item":"https:\/\/fru2.ifesworld.org\/fr\/"},{"@type":"ListItem","position":2,"name":"Podcasts de l&#8217;IFES"}]},{"@type":"WebSite","@id":"https:\/\/fru2.ifesworld.org\/en\/#website","url":"https:\/\/fru2.ifesworld.org\/en\/","name":"IFES","description":"A movement of students sharing and living out the good news of Jesus Christ. Locally. Nationally. Globally.","publisher":{"@id":"https:\/\/fru2.ifesworld.org\/en\/#organization"},"potentialAction":[{"@type":"SearchAction","target":{"@type":"EntryPoint","urlTemplate":"https:\/\/fru2.ifesworld.org\/en\/?s={search_term_string}"},"query-input":{"@type":"PropertyValueSpecification","valueRequired":true,"valueName":"search_term_string"}}],"inLanguage":"fr-FR"},{"@type":"Organization","@id":"https:\/\/fru2.ifesworld.org\/en\/#organization","name":"IFES \u00b7 International Fellowship of Evangelical Students","url":"https:\/\/fru2.ifesworld.org\/en\/","logo":{"@type":"ImageObject","inLanguage":"fr-FR","@id":"https:\/\/fru2.ifesworld.org\/en\/#\/schema\/logo\/image\/","url":"https:\/\/ifesworld.org\/wp-content\/uploads\/2019\/06\/ifeslogo.png","contentUrl":"https:\/\/ifesworld.org\/wp-content\/uploads\/2019\/06\/ifeslogo.png","width":262,"height":262,"caption":"IFES \u00b7 International Fellowship of Evangelical Students"},"image":{"@id":"https:\/\/fru2.ifesworld.org\/en\/#\/schema\/logo\/image\/"}}]}},"_links":{"self":[{"href":"https:\/\/fru2.ifesworld.org\/fr\/wp-json\/wp\/v2\/pages\/17158","targetHints":{"allow":["GET"]}}],"collection":[{"href":"https:\/\/fru2.ifesworld.org\/fr\/wp-json\/wp\/v2\/pages"}],"about":[{"href":"https:\/\/fru2.ifesworld.org\/fr\/wp-json\/wp\/v2\/types\/page"}],"author":[{"embeddable":true,"href":"https:\/\/fru2.ifesworld.org\/fr\/wp-json\/wp\/v2\/users\/18"}],"replies":[{"embeddable":true,"href":"https:\/\/fru2.ifesworld.org\/fr\/wp-json\/wp\/v2\/comments?post=17158"}],"version-history":[{"count":26,"href":"https:\/\/fru2.ifesworld.org\/fr\/wp-json\/wp\/v2\/pages\/17158\/revisions"}],"predecessor-version":[{"id":41677,"href":"https:\/\/fru2.ifesworld.org\/fr\/wp-json\/wp\/v2\/pages\/17158\/revisions\/41677"}],"wp:featuredmedia":[{"embeddable":true,"href":"https:\/\/fru2.ifesworld.org\/fr\/wp-json\/wp\/v2\/media\/16220"}],"wp:attachment":[{"href":"https:\/\/fru2.ifesworld.org\/fr\/wp-json\/wp\/v2\/media?parent=17158"}],"wp:term":[{"taxonomy":"area","embeddable":true,"href":"https:\/\/fru2.ifesworld.org\/fr\/wp-json\/wp\/v2\/area?post=17158"},{"taxonomy":"theme","embeddable":true,"href":"https:\/\/fru2.ifesworld.org\/fr\/wp-json\/wp\/v2\/theme?post=17158"}],"curies":[{"name":"wp","href":"https:\/\/api.w.org\/{rel}","templated":true}]}}